{"id":302,"date":"2025-07-21T12:12:55","date_gmt":"2025-07-21T10:12:55","guid":{"rendered":"https:\/\/smartcarbon.pl\/?page_id=302"},"modified":"2025-07-21T12:27:15","modified_gmt":"2025-07-21T10:27:15","slug":"kontakt","status":"publish","type":"page","link":"https:\/\/smartcarbon.pl\/index.php\/kontakt\/","title":{"rendered":"Kontakt"},"content":{"rendered":"\t\t<div data-elementor-type=\"wp-page\" data-elementor-id=\"302\" class=\"elementor elementor-302\">\n\t\t\t\t<div class=\"elementor-element elementor-element-fdeb376 e-flex e-con-boxed e-con e-parent\" data-id=\"fdeb376\" data-element_type=\"container\">\n\t\t\t\t\t<div class=\"e-con-inner\">\n\t\t\t\t<div class=\"elementor-element elementor-element-bcea4af elementor-widget__width-initial elementor-widget elementor-widget-wpforms\" data-id=\"bcea4af\" data-element_type=\"widget\" data-widget_type=\"wpforms.default\">\n\t\t\t\t<div class=\"elementor-widget-container\">\n\t\t\t\t\t<div class=\"wpforms-container wpforms-container-full wpforms-render-modern\" id=\"wpforms-304\"><form id=\"wpforms-form-304\" class=\"wpforms-validate wpforms-form wpforms-ajax-form\" data-formid=\"304\" method=\"post\" enctype=\"multipart\/form-data\" action=\"\/index.php\/wp-json\/wp\/v2\/pages\/302\" data-token=\"e32b0d67bf0a85258ca8482745f3f962\" data-token-time=\"1777882513\"><noscript class=\"wpforms-error-noscript\">Aby wype\u0142ni\u0107 ten formularz, w\u0142\u0105cz obs\u0142ug\u0119 JavaScript w przegl\u0105darce.<\/noscript><div id=\"wpforms-error-noscript\" style=\"display: none;\">Aby wype\u0142ni\u0107 ten formularz, w\u0142\u0105cz obs\u0142ug\u0119 JavaScript w przegl\u0105darce.<\/div><div class=\"wpforms-field-container\"><div id=\"wpforms-304-field_1-container\" class=\"wpforms-field wpforms-field-name\" data-field-id=\"1\"><fieldset><legend class=\"wpforms-field-label\">Imi\u0119 i nazwisko <span class=\"wpforms-required-label\" aria-hidden=\"true\">*<\/span><\/legend><div class=\"wpforms-field-row wpforms-field-medium\"><div class=\"wpforms-field-row-block wpforms-first wpforms-one-half\"><input type=\"text\" id=\"wpforms-304-field_1\" class=\"wpforms-field-name-first wpforms-field-required\" name=\"wpforms[fields][1][first]\" aria-errormessage=\"wpforms-304-field_1-error\" required><label for=\"wpforms-304-field_1\" class=\"wpforms-field-sublabel after\">Imi\u0119<\/label><\/div><div class=\"wpforms-field-row-block wpforms-one-half\"><input type=\"text\" id=\"wpforms-304-field_1-last\" class=\"wpforms-field-name-last wpforms-field-required\" name=\"wpforms[fields][1][last]\" aria-errormessage=\"wpforms-304-field_1-last-error\" required><label for=\"wpforms-304-field_1-last\" class=\"wpforms-field-sublabel after\">Nazwisko<\/label><\/div><\/div><\/fieldset><\/div>\t\t<div id=\"wpforms-304-field_4-container\"\n\t\t\tclass=\"wpforms-field wpforms-field-text\"\n\t\t\tdata-field-type=\"text\"\n\t\t\tdata-field-id=\"4\"\n\t\t\t>\n\t\t\t<label class=\"wpforms-field-label\" for=\"wpforms-304-field_4\" >lub e-mail Imi\u0119<\/label>\n\t\t\t<input type=\"text\" id=\"wpforms-304-field_4\" class=\"wpforms-field-medium\" name=\"wpforms[fields][4]\" >\n\t\t<\/div>\n\t\t<div id=\"wpforms-304-field_2-container\" class=\"wpforms-field wpforms-field-email\" data-field-id=\"2\"><label class=\"wpforms-field-label\" for=\"wpforms-304-field_2\">Adres e-mail <span class=\"wpforms-required-label\" aria-hidden=\"true\">*<\/span><\/label><input type=\"email\" id=\"wpforms-304-field_2\" class=\"wpforms-field-medium wpforms-field-required\" name=\"wpforms[fields][2]\" spellcheck=\"false\" aria-errormessage=\"wpforms-304-field_2-error\" required><\/div><div id=\"wpforms-304-field_3-container\" class=\"wpforms-field wpforms-field-textarea\" data-field-id=\"3\"><label class=\"wpforms-field-label\" for=\"wpforms-304-field_3\">Komentarz lub wiadomo\u015b\u0107<\/label><textarea id=\"wpforms-304-field_3\" class=\"wpforms-field-medium\" name=\"wpforms[fields][3]\" aria-errormessage=\"wpforms-304-field_3-error\" ><\/textarea><\/div><script>\n\t\t\t\t( function() {\n\t\t\t\t\tconst style = document.createElement( 'style' );\n\t\t\t\t\tstyle.appendChild( document.createTextNode( '#wpforms-304-field_4-container { position: absolute !important; overflow: hidden !important; display: inline !important; height: 1px !important; width: 1px !important; z-index: -1000 !important; padding: 0 !important; } #wpforms-304-field_4-container input { visibility: hidden; } #wpforms-conversational-form-page #wpforms-304-field_4-container label { counter-increment: none; }' ) );\n\t\t\t\t\tdocument.head.appendChild( style );\n\t\t\t\t\tdocument.currentScript?.remove();\n\t\t\t\t} )();\n\t\t\t<\/script><\/div><!-- .wpforms-field-container --><div class=\"wpforms-submit-container\" ><input type=\"hidden\" name=\"wpforms[id]\" value=\"304\"><input type=\"hidden\" name=\"page_title\" value=\"\"><input type=\"hidden\" name=\"page_url\" value=\"https:\/\/smartcarbon.pl\/index.php\/wp-json\/wp\/v2\/pages\/302\"><input type=\"hidden\" name=\"url_referer\" value=\"\"><button type=\"submit\" name=\"wpforms[submit]\" id=\"wpforms-submit-304\" class=\"wpforms-submit\" data-alt-text=\"Wysy\u0142anie...\" data-submit-text=\"Prze\u015blij\" aria-live=\"assertive\" value=\"wpforms-submit\">Prze\u015blij<\/button><img decoding=\"async\" src=\"https:\/\/smartcarbon.pl\/wp-content\/plugins\/wpforms-lite\/assets\/images\/submit-spin.svg\" class=\"wpforms-submit-spinner\" style=\"display: none;\" width=\"26\" height=\"26\" alt=\"Wczytywanie\"><\/div><\/form><\/div>  <!-- .wpforms-container -->\t\t\t\t<\/div>\n\t\t\t\t<\/div>\n\t\t<div class=\"elementor-element elementor-element-b1b5c20 e-con-full e-flex e-con e-child\" data-id=\"b1b5c20\" data-element_type=\"container\">\n\t\t\t\t<div class=\"elementor-element elementor-element-80cf09f elementor-widget elementor-widget-menu-anchor\" data-id=\"80cf09f\" data-element_type=\"widget\" data-widget_type=\"menu-anchor.default\">\n\t\t\t\t\t\t\t<div class=\"elementor-menu-anchor\" id=\"Kontakt\"><\/div>\n\t\t\t\t\t\t<\/div>\n\t\t\t\t<div class=\"elementor-element elementor-element-1f77638 elementor-widget elementor-widget-heading\" data-id=\"1f77638\" data-element_type=\"widget\" data-widget_type=\"heading.default\">\n\t\t\t\t\t<h2 class=\"elementor-heading-title elementor-size-default\">______<\/h2>\t\t\t\t<\/div>\n\t\t\t\t<div class=\"elementor-element elementor-element-4759205 elementor-widget elementor-widget-heading\" data-id=\"4759205\" data-element_type=\"widget\" data-widget_type=\"heading.default\">\n\t\t\t\t\t<h1 class=\"elementor-heading-title elementor-size-default\">KONTAKT<\/h1>\t\t\t\t<\/div>\n\t\t\t\t<div class=\"elementor-element elementor-element-f952ffc elementor-widget elementor-widget-html\" data-id=\"f952ffc\" data-element_type=\"widget\" data-widget_type=\"html.default\">\n\t\t\t\t\t<p>\r\n  <strong>Tel:<\/strong> \r\n  <a href=\"tel:+48884022022\">+48 884 022 022<\/a><br>\r\n\r\n  <strong>E-mail:<\/strong> \r\n  <a href=\"mailto:ecocarbon.olesnica@gmail.com\">ecocarbon.olesnica@gmail.com<\/a><br>\r\n\r\n  <strong>Adres:<\/strong> \r\n  <a href=\"https:\/\/www.google.com\/maps\/search\/?api=1&query=ul.+Wojska+Polskiego+52C,+56-400+Ole\u015bnica\" target=\"_blank\">\r\n    ul. Wojska Polskiego 52C, 56-400 Ole\u015bnica\r\n  <\/a><br>\r\n\r\n  <strong>Czynne:<\/strong><br>\r\n  Pn\u2013Pt: 8:00 do ostatniego klienta<br>\r\n  Sb: 8:00\u201312:00 (z wyj\u0105tkiem miesi\u0119cy czerwiec i maj)\r\n<\/p>\r\n\t\t\t\t<\/div>\n\t\t\t\t<\/div>\n\t\t\t\t\t<\/div>\n\t\t\t\t<\/div>\n\t\t\t\t<\/div>\n\t\t","protected":false},"excerpt":{"rendered":"<p>Aby wype\u0142ni\u0107 ten formularz, w\u0142\u0105cz obs\u0142ug\u0119 JavaScript w przegl\u0105darce.Aby wype\u0142ni\u0107 ten formularz, w\u0142\u0105cz obs\u0142ug\u0119 JavaScript w przegl\u0105darce. Imi\u0119 i nazwisko * Imi\u0119Nazwisko Adres e-mail *Komentarz lub wiadomo\u015b\u0107 Prze\u015blij ______ KONTAKT Tel: +48 884 022 022 E-mail: ecocarbon.olesnica@gmail.com Adres: ul. Wojska Polskiego 52C, 56-400 Ole\u015bnica Czynne: Pn\u2013Pt: 8:00 do ostatniego klienta Sb: 8:00\u201312:00 (z wyj\u0105tkiem miesi\u0119cy [&hellip;]<\/p>\n","protected":false},"author":1,"featured_media":0,"parent":0,"menu_order":0,"comment_status":"closed","ping_status":"closed","template":"elementor_header_footer","meta":{"footnotes":""},"class_list":["post-302","page","type-page","status-publish","hentry"],"_links":{"self":[{"href":"https:\/\/smartcarbon.pl\/index.php\/wp-json\/wp\/v2\/pages\/302","targetHints":{"allow":["GET"]}}],"collection":[{"href":"https:\/\/smartcarbon.pl\/index.php\/wp-json\/wp\/v2\/pages"}],"about":[{"href":"https:\/\/smartcarbon.pl\/index.php\/wp-json\/wp\/v2\/types\/page"}],"author":[{"embeddable":true,"href":"https:\/\/smartcarbon.pl\/index.php\/wp-json\/wp\/v2\/users\/1"}],"replies":[{"embeddable":true,"href":"https:\/\/smartcarbon.pl\/index.php\/wp-json\/wp\/v2\/comments?post=302"}],"version-history":[{"count":10,"href":"https:\/\/smartcarbon.pl\/index.php\/wp-json\/wp\/v2\/pages\/302\/revisions"}],"predecessor-version":[{"id":318,"href":"https:\/\/smartcarbon.pl\/index.php\/wp-json\/wp\/v2\/pages\/302\/revisions\/318"}],"wp:attachment":[{"href":"https:\/\/smartcarbon.pl\/index.php\/wp-json\/wp\/v2\/media?parent=302"}],"curies":[{"name":"wp","href":"https:\/\/api.w.org\/{rel}","templated":true}]}}