{"id":33,"date":"2025-07-15T13:59:00","date_gmt":"2025-07-15T11:59:00","guid":{"rendered":"http:\/\/serwer371373.lh.pl\/autoinstalator\/serwer371373.lh.pl\/wordpress127488\/?page_id=33"},"modified":"2025-07-16T13:34:11","modified_gmt":"2025-07-16T11:34:11","slug":"o-nas","status":"publish","type":"page","link":"https:\/\/smartcarbon.pl\/index.php\/o-nas\/","title":{"rendered":"O nas"},"content":{"rendered":"\t\t<div data-elementor-type=\"wp-page\" data-elementor-id=\"33\" class=\"elementor elementor-33\">\n\t\t\t\t<div class=\"elementor-element elementor-element-f056721 e-flex e-con-boxed e-con e-parent\" data-id=\"f056721\" data-element_type=\"container\">\n\t\t\t\t\t<div class=\"e-con-inner\">\n\t\t\t\t<div class=\"elementor-element elementor-element-907a0ac elementor-widget elementor-widget-menu-anchor\" data-id=\"907a0ac\" data-element_type=\"widget\" data-widget_type=\"menu-anchor.default\">\n\t\t\t\t\t\t\t<div class=\"elementor-menu-anchor\" id=\"Onas\"><\/div>\n\t\t\t\t\t\t<\/div>\n\t\t\t\t<div class=\"elementor-element elementor-element-fb83bb6 elementor-widget elementor-widget-heading\" data-id=\"fb83bb6\" data-element_type=\"widget\" data-widget_type=\"heading.default\">\n\t\t\t\t\t<h1 class=\"elementor-heading-title elementor-size-default\">Poznaj nas!<\/h1>\t\t\t\t<\/div>\n\t\t\t\t\t<\/div>\n\t\t\t\t<\/div>\n\t\t<div class=\"elementor-element elementor-element-f275789 e-flex e-con-boxed e-con e-parent\" data-id=\"f275789\" data-element_type=\"container\">\n\t\t\t\t\t<div class=\"e-con-inner\">\n\t\t\t\t<div class=\"elementor-element elementor-element-186ed3f elementor-widget elementor-widget-text-editor\" data-id=\"186ed3f\" data-element_type=\"widget\" data-widget_type=\"text-editor.default\">\n\t\t\t\t\t\t\t\t\t<p><b>Ecocarbon<\/b>\u00a0to\u00a0<b>sk\u0142ad opa\u0142u w Ole\u015bnicy,\u00a0<\/b>kt\u00f3ry oferuje\u00a0w\u0119giel, pellet, brykiet, a tak\u017ce drewno opa\u0142owe. W zakres naszych us\u0142ug wchodzi sprzeda\u017c opa\u0142u pakowanego b\u0105d\u017a luzem, a tak\u017ce dostarczanie go bezpo\u015brednio do klienta w dogodnym dla niego terminie.\u00a0Obszar dzia\u0142alno\u015bci obejmuje miasta takie jak\u00a0Wroc\u0142aw (Psie Pole), Syc\u00f3w\u00a0i wiele innych miejscowo\u015bci znajduj\u0105cych si\u0119 w\u00a0promieniu\u00a050 km od Ole\u015bnicy.\u00a0Zadbali\u015bmy tak\u017ce o mo\u017cliwo\u015b\u0107 szybkiego i wygodnego kontaktu telefonicznego, przez formularz kontaktowy i Facebook.\u00a0<\/p><p>Klienci ceni\u0105 nas za uczciwo\u015b\u0107 i jako\u015b\u0107 dostarczanego towaru. Opa\u0142 jest przez nas starannie przechowywany w celu zniwelowania dzia\u0142ania wilgoci. Ponadto jest ca\u0142kowicie pozbawiony jakichkolwiek domieszek. Zobacz dok\u0142adnie nasz asortyment!<\/p>\t\t\t\t\t\t\t\t<\/div>\n\t\t\t\t\t<\/div>\n\t\t\t\t<\/div>\n\t\t<div class=\"elementor-element elementor-element-84f0f43 e-flex e-con-boxed e-con e-parent\" data-id=\"84f0f43\" data-element_type=\"container\">\n\t\t\t\t\t<div class=\"e-con-inner\">\n\t\t\t\t\t<\/div>\n\t\t\t\t<\/div>\n\t\t<div class=\"elementor-element elementor-element-71f7cff e-flex e-con-boxed e-con e-parent\" data-id=\"71f7cff\" data-element_type=\"container\" data-settings=\"{&quot;background_background&quot;:&quot;classic&quot;}\">\n\t\t\t\t\t<div class=\"e-con-inner\">\n\t\t\t\t<div class=\"elementor-element elementor-element-db92f8e elementor-widget elementor-widget-heading\" data-id=\"db92f8e\" data-element_type=\"widget\" data-widget_type=\"heading.default\">\n\t\t\t\t\t<h2 class=\"elementor-heading-title elementor-size-default\">Najcz\u0119\u015bciej zadawane pytania<\/h2>\t\t\t\t<\/div>\n\t\t\t\t<div class=\"elementor-element elementor-element-a7fca1c elementor-widget elementor-widget-heading\" data-id=\"a7fca1c\" data-element_type=\"widget\" data-widget_type=\"heading.default\">\n\t\t\t\t\t<h2 class=\"elementor-heading-title elementor-size-default\">_______<\/h2>\t\t\t\t<\/div>\n\t\t\t\t<div class=\"elementor-element elementor-element-bed1427 elementor-widget elementor-widget-n-accordion\" data-id=\"bed1427\" data-element_type=\"widget\" data-settings=\"{&quot;default_state&quot;:&quot;expanded&quot;,&quot;max_items_expended&quot;:&quot;one&quot;,&quot;n_accordion_animation_duration&quot;:{&quot;unit&quot;:&quot;ms&quot;,&quot;size&quot;:400,&quot;sizes&quot;:[]}}\" data-widget_type=\"nested-accordion.default\">\n\t\t\t\t\t\t\t<div class=\"e-n-accordion\" aria-label=\"Accordion. Open links with Enter or Space, close with Escape, and navigate with Arrow Keys\">\n\t\t\t\t\t\t<details id=\"e-n-accordion-item-2000\" class=\"e-n-accordion-item\" open>\n\t\t\t\t<summary class=\"e-n-accordion-item-title\" data-accordion-index=\"1\" tabindex=\"0\" aria-expanded=\"true\" aria-controls=\"e-n-accordion-item-2000\" >\n\t\t\t\t\t<span class='e-n-accordion-item-title-header'><h3 class=\"e-n-accordion-item-title-text\"> Kiedy kupi\u0107 opa\u0142? <\/h3><\/span>\n\t\t\t\t\t\t\t<span class='e-n-accordion-item-title-icon'>\n\t\t\t<span class='e-opened' ><svg aria-hidden=\"true\" class=\"e-font-icon-svg e-fas-minus\" viewBox=\"0 0 448 512\" xmlns=\"http:\/\/www.w3.org\/2000\/svg\"><path d=\"M416 208H32c-17.67 0-32 14.33-32 32v32c0 17.67 14.33 32 32 32h384c17.67 0 32-14.33 32-32v-32c0-17.67-14.33-32-32-32z\"><\/path><\/svg><\/span>\n\t\t\t<span class='e-closed'><svg aria-hidden=\"true\" class=\"e-font-icon-svg e-fas-plus\" viewBox=\"0 0 448 512\" xmlns=\"http:\/\/www.w3.org\/2000\/svg\"><path d=\"M416 208H272V64c0-17.67-14.33-32-32-32h-32c-17.67 0-32 14.33-32 32v144H32c-17.67 0-32 14.33-32 32v32c0 17.67 14.33 32 32 32h144v144c0 17.67 14.33 32 32 32h32c17.67 0 32-14.33 32-32V304h144c17.67 0 32-14.33 32-32v-32c0-17.67-14.33-32-32-32z\"><\/path><\/svg><\/span>\n\t\t<\/span>\n\n\t\t\t\t\t\t<\/summary>\n\t\t\t\t<div role=\"region\" aria-labelledby=\"e-n-accordion-item-2000\" class=\"elementor-element elementor-element-aba1610 e-con-full e-flex e-con e-child\" data-id=\"aba1610\" data-element_type=\"container\">\n\t\t\t\t<div class=\"elementor-element elementor-element-1714520 elementor-widget elementor-widget-text-editor\" data-id=\"1714520\" data-element_type=\"widget\" data-widget_type=\"text-editor.default\">\n\t\t\t\t\t\t\t\t\t<p>Zar\u00f3wno producenci jak i sprzedawcy, a tak\u017ce sami klienci przyznaj\u0105, \u017ce w opa\u0142 na zim\u0119 najlepiej zaopatrzy\u0107 si\u0119 latem. O tej porze roku wyst\u0119puj\u0105 najwy\u017csze temperatury na zewn\u0105trz, a tak\u017ce niska cz\u0119stotliwo\u015b\u0107 opad\u00f3w. Takie warunki atmosferyczne sprzyjaj\u0105 pozbyciu si\u0119 resztek wilgoci nawet o kilkana\u015bcie procent, dzi\u0119ki temu opa\u0142 lepiej si\u0119 pali.<\/p>\t\t\t\t\t\t\t\t<\/div>\n\t\t\t\t<\/div>\n\t\t\t\t\t<\/details>\n\t\t\t\t\t\t<details id=\"e-n-accordion-item-2001\" class=\"e-n-accordion-item\" >\n\t\t\t\t<summary class=\"e-n-accordion-item-title\" data-accordion-index=\"2\" tabindex=\"-1\" aria-expanded=\"false\" aria-controls=\"e-n-accordion-item-2001\" >\n\t\t\t\t\t<span class='e-n-accordion-item-title-header'><h3 class=\"e-n-accordion-item-title-text\"> Jak przechowywa\u0107 opa\u0142? <\/h3><\/span>\n\t\t\t\t\t\t\t<span class='e-n-accordion-item-title-icon'>\n\t\t\t<span class='e-opened' ><svg aria-hidden=\"true\" class=\"e-font-icon-svg e-fas-minus\" viewBox=\"0 0 448 512\" xmlns=\"http:\/\/www.w3.org\/2000\/svg\"><path d=\"M416 208H32c-17.67 0-32 14.33-32 32v32c0 17.67 14.33 32 32 32h384c17.67 0 32-14.33 32-32v-32c0-17.67-14.33-32-32-32z\"><\/path><\/svg><\/span>\n\t\t\t<span class='e-closed'><svg aria-hidden=\"true\" class=\"e-font-icon-svg e-fas-plus\" viewBox=\"0 0 448 512\" xmlns=\"http:\/\/www.w3.org\/2000\/svg\"><path d=\"M416 208H272V64c0-17.67-14.33-32-32-32h-32c-17.67 0-32 14.33-32 32v144H32c-17.67 0-32 14.33-32 32v32c0 17.67 14.33 32 32 32h144v144c0 17.67 14.33 32 32 32h32c17.67 0 32-14.33 32-32V304h144c17.67 0 32-14.33 32-32v-32c0-17.67-14.33-32-32-32z\"><\/path><\/svg><\/span>\n\t\t<\/span>\n\n\t\t\t\t\t\t<\/summary>\n\t\t\t\t<div role=\"region\" aria-labelledby=\"e-n-accordion-item-2001\" class=\"elementor-element elementor-element-16a8120 e-con-full e-flex e-con e-child\" data-id=\"16a8120\" data-element_type=\"container\">\n\t\t\t\t<div class=\"elementor-element elementor-element-f85422f elementor-widget elementor-widget-text-editor\" data-id=\"f85422f\" data-element_type=\"widget\" data-widget_type=\"text-editor.default\">\n\t\t\t\t\t\t\t\t\t<p>Wszystko zale\u017cy od tego, z jakim rodzajem opa\u0142u mamy do czynienia. W przypadku drewna, je\u015bli nie ma miejsca na drewutnie, mo\u017cna je uk\u0142ada\u0107 przy \u015bcianie domu z zachowaniem odpowiedniego odst\u0119pu od muru i nie bezpo\u015brednio na gruncie. W przypadku w\u0119gla najlepiej jest go przechowywa\u0107 w kot\u0142owni. Je\u015bli jeste\u015bmy zmuszeni do przechowywania w\u0119gla w piwnicy, to w miar\u0119 mo\u017cliwo\u015bci dobrze jest go rozsypa\u0107 po jak najwi\u0119kszej powierzchni, by mog\u0142a z niego swobodnie wyparowa\u0107 reszta wilgoci.\u00a0<\/p>\t\t\t\t\t\t\t\t<\/div>\n\t\t\t\t<\/div>\n\t\t\t\t\t<\/details>\n\t\t\t\t\t<\/div>\n\t\t\t\t\t\t<\/div>\n\t\t\t\t\t<\/div>\n\t\t\t\t<\/div>\n\t\t\t\t<\/div>\n\t\t","protected":false},"excerpt":{"rendered":"<p>Poznaj nas! Ecocarbon\u00a0to\u00a0sk\u0142ad opa\u0142u w Ole\u015bnicy,\u00a0kt\u00f3ry oferuje\u00a0w\u0119giel, pellet, brykiet, a tak\u017ce drewno opa\u0142owe. W zakres naszych us\u0142ug wchodzi sprzeda\u017c opa\u0142u pakowanego b\u0105d\u017a luzem, a tak\u017ce dostarczanie go bezpo\u015brednio do klienta w dogodnym dla niego terminie.\u00a0Obszar dzia\u0142alno\u015bci obejmuje miasta takie jak\u00a0Wroc\u0142aw (Psie Pole), Syc\u00f3w\u00a0i wiele innych miejscowo\u015bci znajduj\u0105cych si\u0119 w\u00a0promieniu\u00a050 km od Ole\u015bnicy.\u00a0Zadbali\u015bmy tak\u017ce o mo\u017cliwo\u015b\u0107 [&hellip;]<\/p>\n","protected":false},"author":1,"featured_media":0,"parent":0,"menu_order":0,"comment_status":"closed","ping_status":"closed","template":"elementor_header_footer","meta":{"footnotes":""},"class_list":["post-33","page","type-page","status-publish","hentry"],"_links":{"self":[{"href":"https:\/\/smartcarbon.pl\/index.php\/wp-json\/wp\/v2\/pages\/33","targetHints":{"allow":["GET"]}}],"collection":[{"href":"https:\/\/smartcarbon.pl\/index.php\/wp-json\/wp\/v2\/pages"}],"about":[{"href":"https:\/\/smartcarbon.pl\/index.php\/wp-json\/wp\/v2\/types\/page"}],"author":[{"embeddable":true,"href":"https:\/\/smartcarbon.pl\/index.php\/wp-json\/wp\/v2\/users\/1"}],"replies":[{"embeddable":true,"href":"https:\/\/smartcarbon.pl\/index.php\/wp-json\/wp\/v2\/comments?post=33"}],"version-history":[{"count":16,"href":"https:\/\/smartcarbon.pl\/index.php\/wp-json\/wp\/v2\/pages\/33\/revisions"}],"predecessor-version":[{"id":261,"href":"https:\/\/smartcarbon.pl\/index.php\/wp-json\/wp\/v2\/pages\/33\/revisions\/261"}],"wp:attachment":[{"href":"https:\/\/smartcarbon.pl\/index.php\/wp-json\/wp\/v2\/media?parent=33"}],"curies":[{"name":"wp","href":"https:\/\/api.w.org\/{rel}","templated":true}]}}