{"id":41,"date":"2025-07-16T09:34:54","date_gmt":"2025-07-16T07:34:54","guid":{"rendered":"http:\/\/serwer371373.lh.pl\/autoinstalator\/serwer371373.lh.pl\/wordpress127488\/?page_id=41"},"modified":"2025-07-16T13:28:34","modified_gmt":"2025-07-16T11:28:34","slug":"ekogroszek","status":"publish","type":"page","link":"https:\/\/smartcarbon.pl\/index.php\/ekogroszek\/","title":{"rendered":"Ekogroszek"},"content":{"rendered":"\t\t<div data-elementor-type=\"wp-page\" data-elementor-id=\"41\" class=\"elementor elementor-41\">\n\t\t\t\t<div class=\"elementor-element elementor-element-7914b8f e-flex e-con-boxed e-con e-parent\" data-id=\"7914b8f\" data-element_type=\"container\">\n\t\t\t\t\t<div class=\"e-con-inner\">\n\t\t\t\t<div class=\"elementor-element elementor-element-11139e7 elementor-widget elementor-widget-heading\" data-id=\"11139e7\" data-element_type=\"widget\" data-widget_type=\"heading.default\">\n\t\t\t\t\t<h2 class=\"elementor-heading-title elementor-size-default\">_______<\/h2>\t\t\t\t<\/div>\n\t\t\t\t\t<\/div>\n\t\t\t\t<\/div>\n\t\t<div class=\"elementor-element elementor-element-2af84f4 e-flex e-con-boxed e-con e-parent\" data-id=\"2af84f4\" data-element_type=\"container\">\n\t\t\t\t\t<div class=\"e-con-inner\">\n\t\t\t\t<div class=\"elementor-element elementor-element-cdcb18f elementor-widget elementor-widget-heading\" data-id=\"cdcb18f\" data-element_type=\"widget\" data-widget_type=\"heading.default\">\n\t\t\t\t\t<h1 class=\"elementor-heading-title elementor-size-default\">Ekogroszek<\/h1>\t\t\t\t<\/div>\n\t\t\t\t\t<\/div>\n\t\t\t\t<\/div>\n\t\t<div class=\"elementor-element elementor-element-a69c459 e-flex e-con-boxed e-con e-parent\" data-id=\"a69c459\" data-element_type=\"container\">\n\t\t\t\t\t<div class=\"e-con-inner\">\n\t\t\t\t<div class=\"elementor-element elementor-element-33fcc26 elementor-widget elementor-widget-image\" data-id=\"33fcc26\" data-element_type=\"widget\" data-widget_type=\"image.default\">\n\t\t\t\t\t\t\t\t\t\t\t\t\t\t\t<img fetchpriority=\"high\" decoding=\"async\" width=\"740\" height=\"554\" src=\"https:\/\/smartcarbon.pl\/wp-content\/uploads\/2025\/07\/tekstura-cementu_1194-6499.jpg\" class=\"attachment-large size-large wp-image-25\" alt=\"\" srcset=\"https:\/\/smartcarbon.pl\/wp-content\/uploads\/2025\/07\/tekstura-cementu_1194-6499.jpg 740w, https:\/\/smartcarbon.pl\/wp-content\/uploads\/2025\/07\/tekstura-cementu_1194-6499-300x225.jpg 300w\" sizes=\"(max-width: 740px) 100vw, 740px\" \/>\t\t\t\t\t\t\t\t\t\t\t\t\t\t\t<\/div>\n\t\t\t\t<div class=\"elementor-element elementor-element-3910d4f elementor-align-center elementor-widget elementor-widget-button\" data-id=\"3910d4f\" data-element_type=\"widget\" data-widget_type=\"button.default\">\n\t\t\t\t\t\t\t\t\t\t<a class=\"elementor-button elementor-button-link elementor-size-sm\" href=\"#\">\n\t\t\t\t\t\t<span class=\"elementor-button-content-wrapper\">\n\t\t\t\t\t\t<span class=\"elementor-button-icon\">\n\t\t\t\t<svg aria-hidden=\"true\" class=\"e-font-icon-svg e-far-arrow-alt-circle-right\" viewBox=\"0 0 512 512\" xmlns=\"http:\/\/www.w3.org\/2000\/svg\"><path d=\"M504 256C504 119 393 8 256 8S8 119 8 256s111 248 248 248 248-111 248-248zm-448 0c0-110.5 89.5-200 200-200s200 89.5 200 200-89.5 200-200 200S56 366.5 56 256zm72 20v-40c0-6.6 5.4-12 12-12h116v-67c0-10.7 12.9-16 20.5-8.5l99 99c4.7 4.7 4.7 12.3 0 17l-99 99c-7.6 7.6-20.5 2.2-20.5-8.5v-67H140c-6.6 0-12-5.4-12-12z\"><\/path><\/svg>\t\t\t<\/span>\n\t\t\t\t\t\t\t\t\t<span class=\"elementor-button-text\">Zobacz ofert\u0119<\/span>\n\t\t\t\t\t<\/span>\n\t\t\t\t\t<\/a>\n\t\t\t\t\t\t\t\t<\/div>\n\t\t\t\t<div class=\"elementor-element elementor-element-e82a00a elementor-widget elementor-widget-heading\" data-id=\"e82a00a\" data-element_type=\"widget\" data-widget_type=\"heading.default\">\n\t\t\t\t\t<h4 class=\"elementor-heading-title elementor-size-default\">Do ka\u017cdego zakupionego wyrobu w\u0119glowego wystawiamy \u015aWIADECTWO JAKO\u015aCI PALIW STA\u0141YCH!<\/h4>\t\t\t\t<\/div>\n\t\t\t\t<div class=\"elementor-element elementor-element-6d03e98 elementor-widget elementor-widget-text-editor\" data-id=\"6d03e98\" data-element_type=\"widget\" data-widget_type=\"text-editor.default\">\n\t\t\t\t\t\t\t\t\t<p><b>Ekogroszek Eco-carbon\u00a0<\/b>nie nadaje si\u0119 do spo\u017cycia, bo ma za du\u017co kalorii, a jak wiadomo, kalorie dobrze jest spala\u0107. Najlepiej zim\u0105 i najlepiej w piecu. Bo\u00a0<b>wysokokaloryczny ekogroszek<\/b>\u00a0wp\u0142ywa na wi\u0119ksz\u0105 wydajno\u015b\u0107 pieca, a nie trzeba nikogo przekonywa\u0107, \u017ce przek\u0142ada si\u0119 to na oszcz\u0119dno\u015bci zwi\u0105zane z ogrzewaniem. Na szcz\u0119\u015bcie\u00a0<b>ekogroszek Eco-carbon w Ole\u015bnicy<\/b>\u00a0jest tylko wysokokaloryczny. Nie ma lepszego \u2014 zim\u0105 podzi\u0119kujesz sobie za ten wyb\u00f3r.<\/p><p><b>Kt\u00f3ry ekogroszek wybra\u0107?\u00a0<\/b>Odpowied\u017a na to pytanie ju\u017c znasz, ale argument\u00f3w przemawiaj\u0105cych za tym konkretnie wyborem jest znacznie wi\u0119cej. Bo widzisz,<b>\u00a0Ekogroszek Eco-carbon<\/b>\u00a0nie zawiera drobnej frakcji, czyli mia\u0142u, oraz zbyt du\u017cych cz\u0119\u015bci, co wp\u0142ywa na jego mo\u017cliwo\u015bci zastosowania w piecach retortowych. A i tak najwa\u017cniejsze,<b>\u00a0co ekogroszek w Ecocarbon\u00a0<\/b>ma do zaoferowania, to niew\u0105tpliwie jego niski stopie\u0144 spiekalno\u015bci (poni\u017cej 20Rl). W\u0119giel o wysokim stopniu spiekalno\u015bci pali si\u0119 wolniej i, w konsekwencji, nieefektywnie, gdy\u017c nie zostaje ca\u0142kowicie spalony, pozostawiaj\u0105c po sobie tzw. niedopa\u0142. Zar\u00f3wno dla lepszej jako\u015bci ciep\u0142a, a tak\u017ce dla zachowania dobrego stanu pieca,\u00a0<b>ekogroszek<\/b>\u00a0powinien posiada\u0107 jak najni\u017cszy stopie\u0144 spiekalno\u015bci, i taki te\u017c oferujemy.\u00a0<\/p><p>To jednak nie wszystko, bo\u00a0<b>wydajny ekogroszek<\/b>\u00a0to ten suchy, wtedy lepiej si\u0119 pali. Wilgotny\u00a0<b>ekogroszek<\/b>, mo\u017ce powodowa\u0107 zatykanie pieca, a tego nikt nie potrzebuje, prawda? Dlatego dla pewno\u015bci, najlepiej wybierz\u00a0<b>suchy ekogroszek workowany. Ole\u015bnica\u00a0<\/b>taki ma! Zg\u0142o\u015b si\u0119 do\u00a0<b>Eco-carbon\u00a0<\/b>i wybierz<b>\u00a0najlepszy w\u0119giel workowany\u00a0<\/b>w mie\u015bcie. Najlepszy, czyli najwy\u017cszej jako\u015bci, suchutki, kt\u00f3ry pali si\u0119 tak, \u017ce ogie\u0144!<\/p>\t\t\t\t\t\t\t\t<\/div>\n\t\t\t\t<div class=\"elementor-element elementor-element-2f35e3c elementor-widget elementor-widget-text-editor\" data-id=\"2f35e3c\" data-element_type=\"widget\" data-widget_type=\"text-editor.default\">\n\t\t\t\t\t\t\t\t\t<p>Zobacz na r\u00f3wnie suche, co\u00a0<b>w\u0119giel Eco-carbon\u00a0<\/b>fakty:<\/p><p><b>EKOGROSZEK ECO-CARBON 29<br \/>o parametrach:<br \/><\/b><\/p><ul><li><b>28-30 MJ\/KG<\/b><\/li><li><b>0,2-0,4% siarki<\/b><\/li><li><b>max. 4% popio\u0142u<\/b><\/li><li><b>spiekalno\u015b\u0107 max. 16 RI<\/b><\/li><\/ul><p>\u00a0<\/p><p><b>EKOGROSZEK ECO-CARBON 27<br \/>o parametrach:<br \/><\/b><\/p><ul><li><b>26-28 MJ\/KG<\/b><\/li><li><b>0,3-0,5% siarki<\/b><\/li><li><b>4-7% popio\u0142u<\/b><\/li><li><b>spiekalno\u015b\u0107 max. 12 RI<\/b><\/li><\/ul><p>\u00a0<\/p><p><b>EKOGROSZEK ECO-CARBON 25<br \/>o parametrach:<br \/><\/b><\/p><ul><li><b>24-26 MJ\/KG<\/b><\/li><li><b>0,3<\/b><\/li><li><b>0,4% siarki<\/b><\/li><li><b>6-8% popio\u0142u<\/b><\/li><li><b>spiekalno\u015b\u0107 0-2 RI<\/b><\/li><\/ul>\t\t\t\t\t\t\t\t<\/div>\n\t\t\t\t\t<\/div>\n\t\t\t\t<\/div>\n\t\t\t\t<\/div>\n\t\t","protected":false},"excerpt":{"rendered":"<p>_______ Ekogroszek Zobacz ofert\u0119 Do ka\u017cdego zakupionego wyrobu w\u0119glowego wystawiamy \u015aWIADECTWO JAKO\u015aCI PALIW STA\u0141YCH! Ekogroszek Eco-carbon\u00a0nie nadaje si\u0119 do spo\u017cycia, bo ma za du\u017co kalorii, a jak wiadomo, kalorie dobrze jest spala\u0107. Najlepiej zim\u0105 i najlepiej w piecu. Bo\u00a0wysokokaloryczny ekogroszek\u00a0wp\u0142ywa na wi\u0119ksz\u0105 wydajno\u015b\u0107 pieca, a nie trzeba nikogo przekonywa\u0107, \u017ce przek\u0142ada si\u0119 to na oszcz\u0119dno\u015bci [&hellip;]<\/p>\n","protected":false},"author":1,"featured_media":0,"parent":0,"menu_order":0,"comment_status":"closed","ping_status":"closed","template":"elementor_header_footer","meta":{"footnotes":""},"class_list":["post-41","page","type-page","status-publish","hentry"],"_links":{"self":[{"href":"https:\/\/smartcarbon.pl\/index.php\/wp-json\/wp\/v2\/pages\/41","targetHints":{"allow":["GET"]}}],"collection":[{"href":"https:\/\/smartcarbon.pl\/index.php\/wp-json\/wp\/v2\/pages"}],"about":[{"href":"https:\/\/smartcarbon.pl\/index.php\/wp-json\/wp\/v2\/types\/page"}],"author":[{"embeddable":true,"href":"https:\/\/smartcarbon.pl\/index.php\/wp-json\/wp\/v2\/users\/1"}],"replies":[{"embeddable":true,"href":"https:\/\/smartcarbon.pl\/index.php\/wp-json\/wp\/v2\/comments?post=41"}],"version-history":[{"count":13,"href":"https:\/\/smartcarbon.pl\/index.php\/wp-json\/wp\/v2\/pages\/41\/revisions"}],"predecessor-version":[{"id":225,"href":"https:\/\/smartcarbon.pl\/index.php\/wp-json\/wp\/v2\/pages\/41\/revisions\/225"}],"wp:attachment":[{"href":"https:\/\/smartcarbon.pl\/index.php\/wp-json\/wp\/v2\/media?parent=41"}],"curies":[{"name":"wp","href":"https:\/\/api.w.org\/{rel}","templated":true}]}}