{"id":61,"date":"2025-07-16T09:42:14","date_gmt":"2025-07-16T07:42:14","guid":{"rendered":"http:\/\/serwer371373.lh.pl\/autoinstalator\/serwer371373.lh.pl\/wordpress127488\/?page_id=61"},"modified":"2025-07-16T13:28:48","modified_gmt":"2025-07-16T11:28:48","slug":"ekomial","status":"publish","type":"page","link":"https:\/\/smartcarbon.pl\/index.php\/ekomial\/","title":{"rendered":"Ekomia\u0142"},"content":{"rendered":"\t\t<div data-elementor-type=\"wp-page\" data-elementor-id=\"61\" class=\"elementor elementor-61\">\n\t\t\t\t<div class=\"elementor-element elementor-element-7914b8f e-flex e-con-boxed e-con e-parent\" data-id=\"7914b8f\" data-element_type=\"container\">\n\t\t\t\t\t<div class=\"e-con-inner\">\n\t\t\t\t<div class=\"elementor-element elementor-element-11139e7 elementor-widget elementor-widget-heading\" data-id=\"11139e7\" data-element_type=\"widget\" data-widget_type=\"heading.default\">\n\t\t\t\t\t<h2 class=\"elementor-heading-title elementor-size-default\">_______<\/h2>\t\t\t\t<\/div>\n\t\t\t\t\t<\/div>\n\t\t\t\t<\/div>\n\t\t<div class=\"elementor-element elementor-element-2af84f4 e-flex e-con-boxed e-con e-parent\" data-id=\"2af84f4\" data-element_type=\"container\">\n\t\t\t\t\t<div class=\"e-con-inner\">\n\t\t\t\t<div class=\"elementor-element elementor-element-cdcb18f elementor-widget elementor-widget-heading\" data-id=\"cdcb18f\" data-element_type=\"widget\" data-widget_type=\"heading.default\">\n\t\t\t\t\t<h1 class=\"elementor-heading-title elementor-size-default\">Ekomia\u0142<\/h1>\t\t\t\t<\/div>\n\t\t\t\t\t<\/div>\n\t\t\t\t<\/div>\n\t\t<div class=\"elementor-element elementor-element-a69c459 e-flex e-con-boxed e-con e-parent\" data-id=\"a69c459\" data-element_type=\"container\">\n\t\t\t\t\t<div class=\"e-con-inner\">\n\t\t\t\t<div class=\"elementor-element elementor-element-33fcc26 elementor-widget elementor-widget-image\" data-id=\"33fcc26\" data-element_type=\"widget\" data-widget_type=\"image.default\">\n\t\t\t\t\t\t\t\t\t\t\t\t\t\t\t<img fetchpriority=\"high\" decoding=\"async\" width=\"740\" height=\"554\" src=\"https:\/\/smartcarbon.pl\/wp-content\/uploads\/2025\/07\/tekstura-cementu_1194-6499.jpg\" class=\"attachment-large size-large wp-image-25\" alt=\"\" srcset=\"https:\/\/smartcarbon.pl\/wp-content\/uploads\/2025\/07\/tekstura-cementu_1194-6499.jpg 740w, https:\/\/smartcarbon.pl\/wp-content\/uploads\/2025\/07\/tekstura-cementu_1194-6499-300x225.jpg 300w\" sizes=\"(max-width: 740px) 100vw, 740px\" \/>\t\t\t\t\t\t\t\t\t\t\t\t\t\t\t<\/div>\n\t\t\t\t<div class=\"elementor-element elementor-element-3910d4f elementor-align-center elementor-widget elementor-widget-button\" data-id=\"3910d4f\" data-element_type=\"widget\" data-widget_type=\"button.default\">\n\t\t\t\t\t\t\t\t\t\t<a class=\"elementor-button elementor-button-link elementor-size-sm\" href=\"#\">\n\t\t\t\t\t\t<span class=\"elementor-button-content-wrapper\">\n\t\t\t\t\t\t<span class=\"elementor-button-icon\">\n\t\t\t\t<svg aria-hidden=\"true\" class=\"e-font-icon-svg e-far-arrow-alt-circle-right\" viewBox=\"0 0 512 512\" xmlns=\"http:\/\/www.w3.org\/2000\/svg\"><path d=\"M504 256C504 119 393 8 256 8S8 119 8 256s111 248 248 248 248-111 248-248zm-448 0c0-110.5 89.5-200 200-200s200 89.5 200 200-89.5 200-200 200S56 366.5 56 256zm72 20v-40c0-6.6 5.4-12 12-12h116v-67c0-10.7 12.9-16 20.5-8.5l99 99c4.7 4.7 4.7 12.3 0 17l-99 99c-7.6 7.6-20.5 2.2-20.5-8.5v-67H140c-6.6 0-12-5.4-12-12z\"><\/path><\/svg>\t\t\t<\/span>\n\t\t\t\t\t\t\t\t\t<span class=\"elementor-button-text\">Zobacz ofert\u0119<\/span>\n\t\t\t\t\t<\/span>\n\t\t\t\t\t<\/a>\n\t\t\t\t\t\t\t\t<\/div>\n\t\t\t\t<div class=\"elementor-element elementor-element-e82a00a elementor-widget elementor-widget-heading\" data-id=\"e82a00a\" data-element_type=\"widget\" data-widget_type=\"heading.default\">\n\t\t\t\t\t<h4 class=\"elementor-heading-title elementor-size-default\">Do ka\u017cdego zakupionego wyrobu w\u0119glowego wystawiamy \u015aWIADECTWO JAKO\u015aCI PALIW STA\u0141YCH!<\/h4>\t\t\t\t<\/div>\n\t\t\t\t<div class=\"elementor-element elementor-element-6d03e98 elementor-widget elementor-widget-text-editor\" data-id=\"6d03e98\" data-element_type=\"widget\" data-widget_type=\"text-editor.default\">\n\t\t\t\t\t\t\t\t\t<p>Jako \u017ce lubimy dobry humor, poci\u015bniemy suchym jak\u00a0<b>w\u0119giel ecocarbon<\/b>\u00a0sucharem: jak nazywa si\u0119 kot, kt\u00f3ry mia\u0142 by\u0107 eko\u2026?\u00a0<\/p><p><b>Ekomia\u0142!\u00a0<\/b><\/p><p>W ten jak\u017ce weso\u0142y spos\u00f3b przechodzimy do opisania produktu, kt\u00f3ry nale\u017cy do grupy opa\u0142\u00f3w ekologicznych.\u00a0<\/p><p><b>Ekomia\u0142 w\u0119glowy\u00a0<\/b>jest on skutkiem ubocznym wynikaj\u0105cym z procesu kruszenia podczas powstawania\u00a0<b>ekogroszku.<\/b>\u00a0Od zwyk\u0142ego mia\u0142u odr\u00f3\u017cnia go ni\u017csza zawarto\u015b\u0107 popio\u0142u, ale tak\u017ce wi\u0119ksza kaloryczno\u015b\u0107. To decyduje o korzy\u015bciach dla u\u017cytkownika, kt\u00f3ry mo\u017ce cieszy\u0107 si\u0119 wydajnym grzaniem. Ni\u017csza zawarto\u015b\u0107 popio\u0142u to tak\u017ce mniej sprz\u0105tania i lepsza kondycja pieca na wiele lat. B\u0119d\u0105c w w\u0105tku pieca: je\u017celi jeste\u015b posiadaczem kot\u0142a mia\u0142owego starego typu, ten rodzaj materia\u0142u grzewczego jest w\u0142a\u015bnie dla Ciebie. Zreszt\u0105\u00a0<b>w\u0119giel ekomia\u0142\u00a0<\/b>jest przystosowany do wszystkich kot\u0142\u00f3w, spe\u0142niaj\u0105cych wymagania ekologiczne, no i pozwala na bezobs\u0142ugow\u0105 prac\u0119 piec\u00f3w. Dosy\u0107 wygodne rozwi\u0105zanie, czy\u017c nie? Ale to nie wszystko, co musisz wiedzie\u0107 o\u00a0<b>ekomiale w\u0119glowym<\/b>.\u00a0<\/p><p>W przypadku innych opa\u0142\u00f3w czas oczekiwania na ciep\u0142o jest d\u0142u\u017cszy, bo nim to si\u0119 rozpali, nim rozgrzeje\u2026 to ju\u017c zd\u0105\u017cy zgasn\u0105\u0107. Wkurzaj\u0105ce, prawda? Z\u00a0<b>ekomia\u0142em\u00a0<\/b>nie ma tego problemu, bo ten rodzaj opa\u0142u w ekspresowym tempie osi\u0105ga wysokie temperatury. Mimo to nale\u017cy pami\u0119ta\u0107, \u017ce og\u00f3lnie jest to niskokaloryczny materia\u0142 grzewczy, wi\u0119c lepiej sprawdzi si\u0119 w porach, gdy temperatura za oknem nie jest jeszcze tak niska, czyli np. wczesn\u0105 wiosn\u0105, czy p\u00f3\u017an\u0105 jesieni\u0105. Uzyskasz ciep\u0142o szybciej, ale nie b\u0119dzie ono tak intensywne. Czy to znaczy, \u017ce zimow\u0105 por\u0105,\u00a0<b>w\u0119giel ekomia\u0142<\/b>\u00a0nie jest dobrym rozwi\u0105zaniem? Ale\u017c sk\u0105d! Przy wysokich mrozach,\u00a0<b>ekomia\u0142 w\u0119glowy\u00a0<\/b>sprawdzi si\u0119 idealnie w po\u0142\u0105czeniu z\u00a0<b>ekogroszkiem\u00a0<\/b>lub innym opa\u0142em. Zwi\u0119kszaj\u0105c w ten spos\u00f3b kaloryczno\u015b\u0107\u00a0<b>ekomia\u0142u<\/b>, uzyskasz dodatkowo wi\u0119ksz\u0105 intensywno\u015b\u0107 ciep\u0142a, tak potrzebn\u0105 podczas siarczystych mroz\u00f3w.\u00a0<\/p><p>Wybierz\u00a0<b>w\u0119giel ekomia\u0142. Ole\u015bnica<\/b>\u00a0ma najlepszy punkt z wysokiej jako\u015bci w\u0119glem \u2014\u00a0<b>Ecocarbon\u00a0<\/b>zaprasza!\u00a0<\/p>\t\t\t\t\t\t\t\t<\/div>\n\t\t\t\t<div class=\"elementor-element elementor-element-2f35e3c elementor-widget elementor-widget-text-editor\" data-id=\"2f35e3c\" data-element_type=\"widget\" data-widget_type=\"text-editor.default\">\n\t\t\t\t\t\t\t\t\t<p><b>PARAMETRY:<\/b><\/p><ul><li><b>min. 24 MJ\/KG\u00a0<\/b><\/li><li><b>max. 10 % popio\u0142u<\/b><\/li><li><b>granulacja 3-31,5 mm<\/b><\/li><\/ul>\t\t\t\t\t\t\t\t<\/div>\n\t\t\t\t\t<\/div>\n\t\t\t\t<\/div>\n\t\t\t\t<\/div>\n\t\t","protected":false},"excerpt":{"rendered":"<p>_______ Ekomia\u0142 Zobacz ofert\u0119 Do ka\u017cdego zakupionego wyrobu w\u0119glowego wystawiamy \u015aWIADECTWO JAKO\u015aCI PALIW STA\u0141YCH! Jako \u017ce lubimy dobry humor, poci\u015bniemy suchym jak\u00a0w\u0119giel ecocarbon\u00a0sucharem: jak nazywa si\u0119 kot, kt\u00f3ry mia\u0142 by\u0107 eko\u2026?\u00a0 Ekomia\u0142!\u00a0 W ten jak\u017ce weso\u0142y spos\u00f3b przechodzimy do opisania produktu, kt\u00f3ry nale\u017cy do grupy opa\u0142\u00f3w ekologicznych.\u00a0 Ekomia\u0142 w\u0119glowy\u00a0jest on skutkiem ubocznym wynikaj\u0105cym z procesu [&hellip;]<\/p>\n","protected":false},"author":1,"featured_media":0,"parent":0,"menu_order":0,"comment_status":"closed","ping_status":"closed","template":"elementor_header_footer","meta":{"footnotes":""},"class_list":["post-61","page","type-page","status-publish","hentry"],"_links":{"self":[{"href":"https:\/\/smartcarbon.pl\/index.php\/wp-json\/wp\/v2\/pages\/61","targetHints":{"allow":["GET"]}}],"collection":[{"href":"https:\/\/smartcarbon.pl\/index.php\/wp-json\/wp\/v2\/pages"}],"about":[{"href":"https:\/\/smartcarbon.pl\/index.php\/wp-json\/wp\/v2\/types\/page"}],"author":[{"embeddable":true,"href":"https:\/\/smartcarbon.pl\/index.php\/wp-json\/wp\/v2\/users\/1"}],"replies":[{"embeddable":true,"href":"https:\/\/smartcarbon.pl\/index.php\/wp-json\/wp\/v2\/comments?post=61"}],"version-history":[{"count":9,"href":"https:\/\/smartcarbon.pl\/index.php\/wp-json\/wp\/v2\/pages\/61\/revisions"}],"predecessor-version":[{"id":229,"href":"https:\/\/smartcarbon.pl\/index.php\/wp-json\/wp\/v2\/pages\/61\/revisions\/229"}],"wp:attachment":[{"href":"https:\/\/smartcarbon.pl\/index.php\/wp-json\/wp\/v2\/media?parent=61"}],"curies":[{"name":"wp","href":"https:\/\/api.w.org\/{rel}","templated":true}]}}