{"id":68,"date":"2025-07-16T09:43:42","date_gmt":"2025-07-16T07:43:42","guid":{"rendered":"http:\/\/serwer371373.lh.pl\/autoinstalator\/serwer371373.lh.pl\/wordpress127488\/?page_id=68"},"modified":"2025-07-16T13:29:18","modified_gmt":"2025-07-16T11:29:18","slug":"wegiel-kostka","status":"publish","type":"page","link":"https:\/\/smartcarbon.pl\/index.php\/wegiel-kostka\/","title":{"rendered":"W\u0119giel kostka"},"content":{"rendered":"\t\t<div data-elementor-type=\"wp-page\" data-elementor-id=\"68\" class=\"elementor elementor-68\">\n\t\t\t\t<div class=\"elementor-element elementor-element-7914b8f e-flex e-con-boxed e-con e-parent\" data-id=\"7914b8f\" data-element_type=\"container\">\n\t\t\t\t\t<div class=\"e-con-inner\">\n\t\t\t\t<div class=\"elementor-element elementor-element-11139e7 elementor-widget elementor-widget-heading\" data-id=\"11139e7\" data-element_type=\"widget\" data-widget_type=\"heading.default\">\n\t\t\t\t\t<h2 class=\"elementor-heading-title elementor-size-default\">_______<\/h2>\t\t\t\t<\/div>\n\t\t\t\t\t<\/div>\n\t\t\t\t<\/div>\n\t\t<div class=\"elementor-element elementor-element-2af84f4 e-flex e-con-boxed e-con e-parent\" data-id=\"2af84f4\" data-element_type=\"container\">\n\t\t\t\t\t<div class=\"e-con-inner\">\n\t\t\t\t<div class=\"elementor-element elementor-element-cdcb18f elementor-widget elementor-widget-heading\" data-id=\"cdcb18f\" data-element_type=\"widget\" data-widget_type=\"heading.default\">\n\t\t\t\t\t<h1 class=\"elementor-heading-title elementor-size-default\">W\u0119giel kostka<\/h1>\t\t\t\t<\/div>\n\t\t\t\t\t<\/div>\n\t\t\t\t<\/div>\n\t\t<div class=\"elementor-element elementor-element-a69c459 e-flex e-con-boxed e-con e-parent\" data-id=\"a69c459\" data-element_type=\"container\">\n\t\t\t\t\t<div class=\"e-con-inner\">\n\t\t\t\t<div class=\"elementor-element elementor-element-33fcc26 elementor-widget elementor-widget-image\" data-id=\"33fcc26\" data-element_type=\"widget\" data-widget_type=\"image.default\">\n\t\t\t\t\t\t\t\t\t\t\t\t\t\t\t<img fetchpriority=\"high\" decoding=\"async\" width=\"740\" height=\"554\" src=\"https:\/\/smartcarbon.pl\/wp-content\/uploads\/2025\/07\/tekstura-cementu_1194-6499.jpg\" class=\"attachment-large size-large wp-image-25\" alt=\"\" srcset=\"https:\/\/smartcarbon.pl\/wp-content\/uploads\/2025\/07\/tekstura-cementu_1194-6499.jpg 740w, https:\/\/smartcarbon.pl\/wp-content\/uploads\/2025\/07\/tekstura-cementu_1194-6499-300x225.jpg 300w\" sizes=\"(max-width: 740px) 100vw, 740px\" \/>\t\t\t\t\t\t\t\t\t\t\t\t\t\t\t<\/div>\n\t\t\t\t<div class=\"elementor-element elementor-element-3910d4f elementor-align-center elementor-widget elementor-widget-button\" data-id=\"3910d4f\" data-element_type=\"widget\" data-widget_type=\"button.default\">\n\t\t\t\t\t\t\t\t\t\t<a class=\"elementor-button elementor-button-link elementor-size-sm\" href=\"#\">\n\t\t\t\t\t\t<span class=\"elementor-button-content-wrapper\">\n\t\t\t\t\t\t<span class=\"elementor-button-icon\">\n\t\t\t\t<svg aria-hidden=\"true\" class=\"e-font-icon-svg e-far-arrow-alt-circle-right\" viewBox=\"0 0 512 512\" xmlns=\"http:\/\/www.w3.org\/2000\/svg\"><path d=\"M504 256C504 119 393 8 256 8S8 119 8 256s111 248 248 248 248-111 248-248zm-448 0c0-110.5 89.5-200 200-200s200 89.5 200 200-89.5 200-200 200S56 366.5 56 256zm72 20v-40c0-6.6 5.4-12 12-12h116v-67c0-10.7 12.9-16 20.5-8.5l99 99c4.7 4.7 4.7 12.3 0 17l-99 99c-7.6 7.6-20.5 2.2-20.5-8.5v-67H140c-6.6 0-12-5.4-12-12z\"><\/path><\/svg>\t\t\t<\/span>\n\t\t\t\t\t\t\t\t\t<span class=\"elementor-button-text\">Zobacz ofert\u0119<\/span>\n\t\t\t\t\t<\/span>\n\t\t\t\t\t<\/a>\n\t\t\t\t\t\t\t\t<\/div>\n\t\t\t\t<div class=\"elementor-element elementor-element-e82a00a elementor-widget elementor-widget-heading\" data-id=\"e82a00a\" data-element_type=\"widget\" data-widget_type=\"heading.default\">\n\t\t\t\t\t<h4 class=\"elementor-heading-title elementor-size-default\">Do ka\u017cdego zakupionego wyrobu w\u0119glowego wystawiamy \u015aWIADECTWO JAKO\u015aCI PALIW STA\u0141YCH!<\/h4>\t\t\t\t<\/div>\n\t\t\t\t<div class=\"elementor-element elementor-element-6d03e98 elementor-widget elementor-widget-text-editor\" data-id=\"6d03e98\" data-element_type=\"widget\" data-widget_type=\"text-editor.default\">\n\t\t\t\t\t\t\t\t\t<p><b>Do ka\u017cdego wyrobu w\u0119glowego wystawiamy \u015aWIADECTWO JAKO\u015aCI PALIW STA\u0141YCH!\u00a0<\/b><\/p><p>Ko\u015bci zosta\u0142y rzucone, wi\u0119c chcesz czy nie chcesz, zima i tak do nas przyjdzie. Mo\u017ce nie b\u0119dzie tak ci\u0119\u017cka, ale i tego nie mo\u017cesz by\u0107 pewien. Tak czy siak, lepiej ju\u017c wcze\u015bniej zaopatrz si\u0119 w\u00a0<b>w\u0119giel kamienny kostk\u0119<\/b>, nim mr\u00f3z porz\u0105dnie da Ci w ko\u015b\u0107!\u00a0<\/p><p><b>W\u0119giel kostka<\/b>\u00a0to do\u015b\u0107 popularny materia\u0142 opa\u0142owy, kt\u00f3ry jest rodzajem w\u0119gla kamiennego. Co sprawia, \u017ce jest tak ch\u0119tnie wybierany? C\u00f3\u017c, jak nie wiadomo, o co chodzi, to chodzi o pieni\u0105dze. Ten rodzaj opa\u0142u charakteryzuje si\u0119 wysok\u0105 kaloryczno\u015bci\u0105 i znaczn\u0105 grubo\u015bci\u0105, dlatego jest wydajny. Pali si\u0119 d\u0142ugo, a zapasu w\u0119gla r\u00f3wnie\u017c starcza na wi\u0119cej.\u00a0<b>W\u0119giel kostka<\/b>\u00a0jest jako\u015bciowo bardzo dobrym paliwem sta\u0142ym, dlatego \u015bwietnie sprawdzi si\u0119 tak\u017ce w wymagaj\u0105cych piecach stalowych i \u017celiwnych. Przystosowany jest tak\u017ce do piec\u00f3w jedno lub dwufunkcyjnych z dolnym spalaniem, ze wzgl\u0119du na wysok\u0105 temperatur\u0119 spalania i d\u0142ugi czas podtrzymania \u017caru.\u00a0<\/p><p>Sprawd\u017a najlepszy\u00a0<b>w\u0119giel typu kostka w Ole\u015bnicy<\/b>\u00a0i odwied\u017a\u00a0<b>sk\u0142ad w\u0119gla Ecocarbon!\u00a0<\/b><\/p>\t\t\t\t\t\t\t\t<\/div>\n\t\t\t\t<div class=\"elementor-element elementor-element-2f35e3c elementor-widget elementor-widget-text-editor\" data-id=\"2f35e3c\" data-element_type=\"widget\" data-widget_type=\"text-editor.default\">\n\t\t\t\t\t\t\t\t\t<p>A teraz czas na\u00a0<b>parametry<\/b>, po kt\u00f3rych przeczytaniu, na sam\u0105 my\u015bl o nich zrobi Ci si\u0119 cieplej:<\/p><ul><li><b>28-30MJ\/KG\u00a0\u00a0<\/b><\/li><li><b>granulacja 80-200mm\u00a0<\/b><\/li><li><b>max 0,6 % siarki\u00a0<\/b><\/li><li><b>max 6% popio\u0142u<\/b><\/li><\/ul>\t\t\t\t\t\t\t\t<\/div>\n\t\t\t\t\t<\/div>\n\t\t\t\t<\/div>\n\t\t\t\t<\/div>\n\t\t","protected":false},"excerpt":{"rendered":"<p>_______ W\u0119giel kostka Zobacz ofert\u0119 Do ka\u017cdego zakupionego wyrobu w\u0119glowego wystawiamy \u015aWIADECTWO JAKO\u015aCI PALIW STA\u0141YCH! Do ka\u017cdego wyrobu w\u0119glowego wystawiamy \u015aWIADECTWO JAKO\u015aCI PALIW STA\u0141YCH!\u00a0 Ko\u015bci zosta\u0142y rzucone, wi\u0119c chcesz czy nie chcesz, zima i tak do nas przyjdzie. Mo\u017ce nie b\u0119dzie tak ci\u0119\u017cka, ale i tego nie mo\u017cesz by\u0107 pewien. Tak czy siak, lepiej ju\u017c [&hellip;]<\/p>\n","protected":false},"author":1,"featured_media":0,"parent":0,"menu_order":0,"comment_status":"closed","ping_status":"closed","template":"elementor_header_footer","meta":{"footnotes":""},"class_list":["post-68","page","type-page","status-publish","hentry"],"_links":{"self":[{"href":"https:\/\/smartcarbon.pl\/index.php\/wp-json\/wp\/v2\/pages\/68","targetHints":{"allow":["GET"]}}],"collection":[{"href":"https:\/\/smartcarbon.pl\/index.php\/wp-json\/wp\/v2\/pages"}],"about":[{"href":"https:\/\/smartcarbon.pl\/index.php\/wp-json\/wp\/v2\/types\/page"}],"author":[{"embeddable":true,"href":"https:\/\/smartcarbon.pl\/index.php\/wp-json\/wp\/v2\/users\/1"}],"replies":[{"embeddable":true,"href":"https:\/\/smartcarbon.pl\/index.php\/wp-json\/wp\/v2\/comments?post=68"}],"version-history":[{"count":9,"href":"https:\/\/smartcarbon.pl\/index.php\/wp-json\/wp\/v2\/pages\/68\/revisions"}],"predecessor-version":[{"id":241,"href":"https:\/\/smartcarbon.pl\/index.php\/wp-json\/wp\/v2\/pages\/68\/revisions\/241"}],"wp:attachment":[{"href":"https:\/\/smartcarbon.pl\/index.php\/wp-json\/wp\/v2\/media?parent=68"}],"curies":[{"name":"wp","href":"https:\/\/api.w.org\/{rel}","templated":true}]}}