{"id":69,"date":"2025-07-16T09:45:34","date_gmt":"2025-07-16T07:45:34","guid":{"rendered":"http:\/\/serwer371373.lh.pl\/autoinstalator\/serwer371373.lh.pl\/wordpress127488\/?page_id=69"},"modified":"2025-07-16T13:29:07","modified_gmt":"2025-07-16T11:29:07","slug":"pellet","status":"publish","type":"page","link":"https:\/\/smartcarbon.pl\/index.php\/pellet\/","title":{"rendered":"Pellet"},"content":{"rendered":"\t\t<div data-elementor-type=\"wp-page\" data-elementor-id=\"69\" class=\"elementor elementor-69\">\n\t\t\t\t<div class=\"elementor-element elementor-element-7914b8f e-flex e-con-boxed e-con e-parent\" data-id=\"7914b8f\" data-element_type=\"container\">\n\t\t\t\t\t<div class=\"e-con-inner\">\n\t\t\t\t<div class=\"elementor-element elementor-element-11139e7 elementor-widget elementor-widget-heading\" data-id=\"11139e7\" data-element_type=\"widget\" data-widget_type=\"heading.default\">\n\t\t\t\t\t<h2 class=\"elementor-heading-title elementor-size-default\">_______<\/h2>\t\t\t\t<\/div>\n\t\t\t\t\t<\/div>\n\t\t\t\t<\/div>\n\t\t<div class=\"elementor-element elementor-element-2af84f4 e-flex e-con-boxed e-con e-parent\" data-id=\"2af84f4\" data-element_type=\"container\">\n\t\t\t\t\t<div class=\"e-con-inner\">\n\t\t\t\t<div class=\"elementor-element elementor-element-cdcb18f elementor-widget elementor-widget-heading\" data-id=\"cdcb18f\" data-element_type=\"widget\" data-widget_type=\"heading.default\">\n\t\t\t\t\t<h1 class=\"elementor-heading-title elementor-size-default\">Pellet<\/h1>\t\t\t\t<\/div>\n\t\t\t\t\t<\/div>\n\t\t\t\t<\/div>\n\t\t<div class=\"elementor-element elementor-element-a69c459 e-flex e-con-boxed e-con e-parent\" data-id=\"a69c459\" data-element_type=\"container\">\n\t\t\t\t\t<div class=\"e-con-inner\">\n\t\t\t\t<div class=\"elementor-element elementor-element-33fcc26 elementor-widget elementor-widget-image\" data-id=\"33fcc26\" data-element_type=\"widget\" data-widget_type=\"image.default\">\n\t\t\t\t\t\t\t\t\t\t\t\t\t\t\t<img fetchpriority=\"high\" decoding=\"async\" width=\"740\" height=\"554\" src=\"https:\/\/smartcarbon.pl\/wp-content\/uploads\/2025\/07\/tekstura-cementu_1194-6499.jpg\" class=\"attachment-large size-large wp-image-25\" alt=\"\" srcset=\"https:\/\/smartcarbon.pl\/wp-content\/uploads\/2025\/07\/tekstura-cementu_1194-6499.jpg 740w, https:\/\/smartcarbon.pl\/wp-content\/uploads\/2025\/07\/tekstura-cementu_1194-6499-300x225.jpg 300w\" sizes=\"(max-width: 740px) 100vw, 740px\" \/>\t\t\t\t\t\t\t\t\t\t\t\t\t\t\t<\/div>\n\t\t\t\t<div class=\"elementor-element elementor-element-3910d4f elementor-align-center elementor-widget elementor-widget-button\" data-id=\"3910d4f\" data-element_type=\"widget\" data-widget_type=\"button.default\">\n\t\t\t\t\t\t\t\t\t\t<a class=\"elementor-button elementor-button-link elementor-size-sm\" href=\"#\">\n\t\t\t\t\t\t<span class=\"elementor-button-content-wrapper\">\n\t\t\t\t\t\t<span class=\"elementor-button-icon\">\n\t\t\t\t<svg aria-hidden=\"true\" class=\"e-font-icon-svg e-far-arrow-alt-circle-right\" viewBox=\"0 0 512 512\" xmlns=\"http:\/\/www.w3.org\/2000\/svg\"><path d=\"M504 256C504 119 393 8 256 8S8 119 8 256s111 248 248 248 248-111 248-248zm-448 0c0-110.5 89.5-200 200-200s200 89.5 200 200-89.5 200-200 200S56 366.5 56 256zm72 20v-40c0-6.6 5.4-12 12-12h116v-67c0-10.7 12.9-16 20.5-8.5l99 99c4.7 4.7 4.7 12.3 0 17l-99 99c-7.6 7.6-20.5 2.2-20.5-8.5v-67H140c-6.6 0-12-5.4-12-12z\"><\/path><\/svg>\t\t\t<\/span>\n\t\t\t\t\t\t\t\t\t<span class=\"elementor-button-text\">Zobacz ofert\u0119<\/span>\n\t\t\t\t\t<\/span>\n\t\t\t\t\t<\/a>\n\t\t\t\t\t\t\t\t<\/div>\n\t\t\t\t<div class=\"elementor-element elementor-element-6d03e98 elementor-widget elementor-widget-text-editor\" data-id=\"6d03e98\" data-element_type=\"widget\" data-widget_type=\"text-editor.default\">\n\t\t\t\t\t\t\t\t\t<p><b>Pellet drzewny\u00a0<\/b>to takie cudo co cz\u0142owieka ogrzeje, a i kota w potrzebie poratuje. Jednym zdaniem, jest dla wszystkich. Nawet dla tych b\u0119d\u0105cych eko, bo fakt i\u017c powstaje ze sprasowanych pod du\u017cym ci\u015bnieniem odpad\u00f3w drzewnych, czyni ze\u0144 odnawialne \u017ar\u00f3d\u0142o energii. Nie ogarniasz tej kuwety? Zaraz opowiemy wi\u0119cej o faktach zwi\u0105zanych z tym wspania\u0142ym produktem.<\/p><p>Granulat powsta\u0142y z odpad\u00f3w takich jak: trociny, wi\u00f3ry, zr\u0119bki, niczym nie ust\u0119puje drewnu, a jeszcze na dodatek ma nisk\u0105 wilgotno\u015b\u0107. Wiesz jak jest \u2014 z drewnem r\u00f3\u017cnie to bywa, za to\u00a0<b>pellet<\/b>\u00a0zawsze daje dobry ogie\u0144.\u00a0<b>Pellet drzewny<\/b>\u00a0ma jeszcze tak\u0105 zalet\u0119, \u017ce pozostawia po sobie bardzo ma\u0142\u0105 ilo\u015b\u0107 popio\u0142u, wi\u0119c pieca nie zatyka i Tobie r\u0105k nie pobrudzi, a i czasu na sprz\u0105tanie nie b\u0119dziesz traci\u0142.\u00a0<\/p><p>Ale pellet pelletowi nier\u00f3wny! Dlatego wybieraj ten rekomendowany przez producent\u00f3w kot\u0142\u00f3w, \u017ceby mie\u0107 pewno\u015b\u0107 najlepszej jako\u015bci. Producenci jednog\u0142o\u015bnie stwierdzaj\u0105, \u017ce\u00a0<b>pellet Premium Selection<\/b>\u00a0jest najlepszym materia\u0142em opa\u0142owym. Przede wszystkim produkt ten jest produkowany z czystych, specjalnie wyselekcjonowanych i suchych trocin drzew iglastych, wi\u0119c nie zawiera substancji szkodliwych. Masz zatem pewno\u015b\u0107, \u017ce dobrze troszczysz si\u0119 o nasze \u015brodowisko. Poza tym\u00a0<b>pellet Premium Selection<\/b>\u00a0jest opa\u0142em wysokokalorycznym, co czyni z niego ekonomiczny wyb\u00f3r, bo z jednej tony\u00a0<b>pelletu\u00a0<\/b>zyskasz jeszcze wi\u0119cej ciep\u0142a. Warto tak\u017ce podkre\u015bli\u0107, \u017ce omawiany produkt nie brudzi pomieszcze\u0144 w odr\u00f3\u017cnieniu od innych paliw sta\u0142ych. Na koniec powiemy, \u017ce taki<b>\u00a0pellet w Ole\u015bnicy\u00a0<\/b>kupisz na\u00a0<b>sk\u0142adzie w\u0119gla<\/b>\u00a0<b>Ecocarbon\u00a0<\/b>w praktycznych, 15 kg workach.\u00a0<\/p><p>Dla niedowiark\u00f3w przedstawiamy certyfikaty, kt\u00f3re \u015bwiadcz\u0105 o najwy\u017cszym poziomie selekcji trocin u\u017cytych do produkcji oferowanego przez nas\u00a0<b>pelletu<\/b>:<\/p><ul><li>Certyfikat EN Plus A1 nr PL 303<\/li><li>Certyfikat EN Plus A1 nr PL 027<\/li><li>Certyfikat DIN Plus nr 7A229<\/li><\/ul><p>Gor\u0105co polecamy przyjrze\u0107 si\u0119 szczeg\u00f3\u0142owym parametrom, oferowanego przez\u00a0<b>Ecocarbon w Ole\u015bnicy pelletu.<\/b><\/p>\t\t\t\t\t\t\t\t<\/div>\n\t\t\t\t<div class=\"elementor-element elementor-element-2f35e3c elementor-widget elementor-widget-text-editor\" data-id=\"2f35e3c\" data-element_type=\"widget\" data-widget_type=\"text-editor.default\">\n\t\t\t\t\t\t\t\t\t<p>Parametry:<\/p><ul><li>wilgotno\u015b\u0107 ca\u0142kowita poni\u017cej 10%<\/li><li>zawarto\u015b\u0107 popio\u0142u 0,5%-0,6%<\/li><li>warto\u015b\u0107 opa\u0142owa pow. 18,3 MJ\/kg<\/li><li>\u015brednica: 6 mm<\/li><\/ul>\t\t\t\t\t\t\t\t<\/div>\n\t\t\t\t\t<\/div>\n\t\t\t\t<\/div>\n\t\t\t\t<\/div>\n\t\t","protected":false},"excerpt":{"rendered":"<p>_______ Pellet Zobacz ofert\u0119 Pellet drzewny\u00a0to takie cudo co cz\u0142owieka ogrzeje, a i kota w potrzebie poratuje. Jednym zdaniem, jest dla wszystkich. Nawet dla tych b\u0119d\u0105cych eko, bo fakt i\u017c powstaje ze sprasowanych pod du\u017cym ci\u015bnieniem odpad\u00f3w drzewnych, czyni ze\u0144 odnawialne \u017ar\u00f3d\u0142o energii. Nie ogarniasz tej kuwety? Zaraz opowiemy wi\u0119cej o faktach zwi\u0105zanych z tym [&hellip;]<\/p>\n","protected":false},"author":1,"featured_media":0,"parent":0,"menu_order":0,"comment_status":"closed","ping_status":"closed","template":"elementor_header_footer","meta":{"footnotes":""},"class_list":["post-69","page","type-page","status-publish","hentry"],"_links":{"self":[{"href":"https:\/\/smartcarbon.pl\/index.php\/wp-json\/wp\/v2\/pages\/69","targetHints":{"allow":["GET"]}}],"collection":[{"href":"https:\/\/smartcarbon.pl\/index.php\/wp-json\/wp\/v2\/pages"}],"about":[{"href":"https:\/\/smartcarbon.pl\/index.php\/wp-json\/wp\/v2\/types\/page"}],"author":[{"embeddable":true,"href":"https:\/\/smartcarbon.pl\/index.php\/wp-json\/wp\/v2\/users\/1"}],"replies":[{"embeddable":true,"href":"https:\/\/smartcarbon.pl\/index.php\/wp-json\/wp\/v2\/comments?post=69"}],"version-history":[{"count":9,"href":"https:\/\/smartcarbon.pl\/index.php\/wp-json\/wp\/v2\/pages\/69\/revisions"}],"predecessor-version":[{"id":237,"href":"https:\/\/smartcarbon.pl\/index.php\/wp-json\/wp\/v2\/pages\/69\/revisions\/237"}],"wp:attachment":[{"href":"https:\/\/smartcarbon.pl\/index.php\/wp-json\/wp\/v2\/media?parent=69"}],"curies":[{"name":"wp","href":"https:\/\/api.w.org\/{rel}","templated":true}]}}