{"id":71,"date":"2025-07-16T09:47:27","date_gmt":"2025-07-16T07:47:27","guid":{"rendered":"http:\/\/serwer371373.lh.pl\/autoinstalator\/serwer371373.lh.pl\/wordpress127488\/?page_id=71"},"modified":"2025-07-16T13:27:48","modified_gmt":"2025-07-16T11:27:48","slug":"brykiet","status":"publish","type":"page","link":"https:\/\/smartcarbon.pl\/index.php\/brykiet\/","title":{"rendered":"Brykiet"},"content":{"rendered":"\t\t<div data-elementor-type=\"wp-page\" data-elementor-id=\"71\" class=\"elementor elementor-71\">\n\t\t\t\t<div class=\"elementor-element elementor-element-7914b8f e-flex e-con-boxed e-con e-parent\" data-id=\"7914b8f\" data-element_type=\"container\">\n\t\t\t\t\t<div class=\"e-con-inner\">\n\t\t\t\t<div class=\"elementor-element elementor-element-11139e7 elementor-widget elementor-widget-heading\" data-id=\"11139e7\" data-element_type=\"widget\" data-widget_type=\"heading.default\">\n\t\t\t\t\t<h2 class=\"elementor-heading-title elementor-size-default\">_______<\/h2>\t\t\t\t<\/div>\n\t\t\t\t\t<\/div>\n\t\t\t\t<\/div>\n\t\t<div class=\"elementor-element elementor-element-2af84f4 e-flex e-con-boxed e-con e-parent\" data-id=\"2af84f4\" data-element_type=\"container\">\n\t\t\t\t\t<div class=\"e-con-inner\">\n\t\t\t\t<div class=\"elementor-element elementor-element-cdcb18f elementor-widget elementor-widget-heading\" data-id=\"cdcb18f\" data-element_type=\"widget\" data-widget_type=\"heading.default\">\n\t\t\t\t\t<h1 class=\"elementor-heading-title elementor-size-default\">Brykiet<\/h1>\t\t\t\t<\/div>\n\t\t\t\t\t<\/div>\n\t\t\t\t<\/div>\n\t\t<div class=\"elementor-element elementor-element-a69c459 e-flex e-con-boxed e-con e-parent\" data-id=\"a69c459\" data-element_type=\"container\">\n\t\t\t\t\t<div class=\"e-con-inner\">\n\t\t\t\t<div class=\"elementor-element elementor-element-33fcc26 elementor-widget elementor-widget-image\" data-id=\"33fcc26\" data-element_type=\"widget\" data-widget_type=\"image.default\">\n\t\t\t\t\t\t\t\t\t\t\t\t\t\t\t<img fetchpriority=\"high\" decoding=\"async\" width=\"740\" height=\"554\" src=\"https:\/\/smartcarbon.pl\/wp-content\/uploads\/2025\/07\/tekstura-cementu_1194-6499.jpg\" class=\"attachment-large size-large wp-image-25\" alt=\"\" srcset=\"https:\/\/smartcarbon.pl\/wp-content\/uploads\/2025\/07\/tekstura-cementu_1194-6499.jpg 740w, https:\/\/smartcarbon.pl\/wp-content\/uploads\/2025\/07\/tekstura-cementu_1194-6499-300x225.jpg 300w\" sizes=\"(max-width: 740px) 100vw, 740px\" \/>\t\t\t\t\t\t\t\t\t\t\t\t\t\t\t<\/div>\n\t\t\t\t<div class=\"elementor-element elementor-element-3910d4f elementor-align-center elementor-widget elementor-widget-button\" data-id=\"3910d4f\" data-element_type=\"widget\" data-widget_type=\"button.default\">\n\t\t\t\t\t\t\t\t\t\t<a class=\"elementor-button elementor-button-link elementor-size-sm\" href=\"#\">\n\t\t\t\t\t\t<span class=\"elementor-button-content-wrapper\">\n\t\t\t\t\t\t<span class=\"elementor-button-icon\">\n\t\t\t\t<svg aria-hidden=\"true\" class=\"e-font-icon-svg e-far-arrow-alt-circle-right\" viewBox=\"0 0 512 512\" xmlns=\"http:\/\/www.w3.org\/2000\/svg\"><path d=\"M504 256C504 119 393 8 256 8S8 119 8 256s111 248 248 248 248-111 248-248zm-448 0c0-110.5 89.5-200 200-200s200 89.5 200 200-89.5 200-200 200S56 366.5 56 256zm72 20v-40c0-6.6 5.4-12 12-12h116v-67c0-10.7 12.9-16 20.5-8.5l99 99c4.7 4.7 4.7 12.3 0 17l-99 99c-7.6 7.6-20.5 2.2-20.5-8.5v-67H140c-6.6 0-12-5.4-12-12z\"><\/path><\/svg>\t\t\t<\/span>\n\t\t\t\t\t\t\t\t\t<span class=\"elementor-button-text\">Zobacz ofert\u0119<\/span>\n\t\t\t\t\t<\/span>\n\t\t\t\t\t<\/a>\n\t\t\t\t\t\t\t\t<\/div>\n\t\t\t\t<div class=\"elementor-element elementor-element-6d03e98 elementor-widget elementor-widget-text-editor\" data-id=\"6d03e98\" data-element_type=\"widget\" data-widget_type=\"text-editor.default\">\n\t\t\t\t\t\t\t\t\t<p><b>Brykiet drzewny\u00a0<\/b>nie bez powodu przypomina bry\u0142\u0119 z\u0142ota, bo to co potrafi, to prawdziwe z\u0142oto! Wiesz z czego sk\u0142ada si\u0119\u00a0<b>brykiet Ecocarbon?\u00a0<\/b>Przeczytaj ten opis!<\/p><p><b>Brykiet\u00a0<\/b>powstaje przez sprasowanie materia\u0142u sypkiego, np. trocin, lub innych odpad\u00f3w b\u0119d\u0105cych efektem ubocznym obr\u00f3bki drzew. Jest to zatem rodzaj paliwa ekologicznego, tzw. biopaliwa \u2014 podobnie zreszt\u0105, jak\u00a0<b>pellet<\/b>. Co wa\u017cne, sprasowan\u0105 bry\u0142\u0119 uzyskuje si\u0119 z pomoc\u0105 maszyn dzia\u0142aj\u0105cych pod ci\u015bnieniem, a to oznacza, \u017ce oferowany przez\u00a0<b>Ecocarbon brykiet drzewny\u00a0<\/b>jest wolny od wszelkich szkodliwych substancji.<\/p><p><b>Brykiet drzewny<\/b>\u00a0mo\u017ce by\u0107 u\u017cywany jako rozpa\u0142ka, ale sam w sobie jest doskona\u0142ym opa\u0142em, kt\u00f3ry mo\u017cna stosowa\u0107 w ka\u017cdym piecu dostosowanym do paliw sta\u0142ych. Szczeg\u00f3lnie polecany jest do u\u017cycia w kominkach, poniewa\u017c dzi\u0119ki niskiej zawarto\u015bci wilgoci, nie generuje brudz\u0105cego dymu, wi\u0119c nie zanieczyszcza szybki stanowi\u0105cej element dekoracyjny.\u00a0<b>Brykiet drzewny\u00a0<\/b>jest r\u00f3wnocze\u015bnie wydajnym materia\u0142em opa\u0142owym, poniewa\u017c cechuje go wysoka kaloryczno\u015b\u0107, wynosz\u0105ca 3834 kcal\/kg. Co ciekawe, generuje on znikom\u0105 ilo\u015b\u0107 popio\u0142u, kt\u00f3ry dodatkowo mo\u017cesz u\u017cy\u0107 do nawo\u017cenia gleby.<\/p><p><b>Brykiet w Ole\u015bnicy<\/b>\u00a0znajdziesz na\u00a0<b>sk\u0142adzie w\u0119gla Ecocarbon<\/b>. Produkt ten, to najwy\u017csza jako\u015b\u0107 opa\u0142u: sk\u0142ada si\u0119 z trocin d\u0119bowych (90%) i z trocin sosnowych(10%).<\/p>\t\t\t\t\t\t\t\t<\/div>\n\t\t\t\t\t<\/div>\n\t\t\t\t<\/div>\n\t\t\t\t<\/div>\n\t\t","protected":false},"excerpt":{"rendered":"<p>_______ Brykiet Zobacz ofert\u0119 Brykiet drzewny\u00a0nie bez powodu przypomina bry\u0142\u0119 z\u0142ota, bo to co potrafi, to prawdziwe z\u0142oto! Wiesz z czego sk\u0142ada si\u0119\u00a0brykiet Ecocarbon?\u00a0Przeczytaj ten opis! Brykiet\u00a0powstaje przez sprasowanie materia\u0142u sypkiego, np. trocin, lub innych odpad\u00f3w b\u0119d\u0105cych efektem ubocznym obr\u00f3bki drzew. Jest to zatem rodzaj paliwa ekologicznego, tzw. biopaliwa \u2014 podobnie zreszt\u0105, jak\u00a0pellet. Co wa\u017cne, [&hellip;]<\/p>\n","protected":false},"author":1,"featured_media":0,"parent":0,"menu_order":0,"comment_status":"closed","ping_status":"closed","template":"elementor_header_footer","meta":{"footnotes":""},"class_list":["post-71","page","type-page","status-publish","hentry"],"_links":{"self":[{"href":"https:\/\/smartcarbon.pl\/index.php\/wp-json\/wp\/v2\/pages\/71","targetHints":{"allow":["GET"]}}],"collection":[{"href":"https:\/\/smartcarbon.pl\/index.php\/wp-json\/wp\/v2\/pages"}],"about":[{"href":"https:\/\/smartcarbon.pl\/index.php\/wp-json\/wp\/v2\/types\/page"}],"author":[{"embeddable":true,"href":"https:\/\/smartcarbon.pl\/index.php\/wp-json\/wp\/v2\/users\/1"}],"replies":[{"embeddable":true,"href":"https:\/\/smartcarbon.pl\/index.php\/wp-json\/wp\/v2\/comments?post=71"}],"version-history":[{"count":9,"href":"https:\/\/smartcarbon.pl\/index.php\/wp-json\/wp\/v2\/pages\/71\/revisions"}],"predecessor-version":[{"id":217,"href":"https:\/\/smartcarbon.pl\/index.php\/wp-json\/wp\/v2\/pages\/71\/revisions\/217"}],"wp:attachment":[{"href":"https:\/\/smartcarbon.pl\/index.php\/wp-json\/wp\/v2\/media?parent=71"}],"curies":[{"name":"wp","href":"https:\/\/api.w.org\/{rel}","templated":true}]}}