{"id":72,"date":"2025-07-16T09:48:15","date_gmt":"2025-07-16T07:48:15","guid":{"rendered":"http:\/\/serwer371373.lh.pl\/autoinstalator\/serwer371373.lh.pl\/wordpress127488\/?page_id=72"},"modified":"2025-07-16T13:28:20","modified_gmt":"2025-07-16T11:28:20","slug":"drewno-kominkowe","status":"publish","type":"page","link":"https:\/\/smartcarbon.pl\/index.php\/drewno-kominkowe\/","title":{"rendered":"Drewno kominkowe"},"content":{"rendered":"\t\t<div data-elementor-type=\"wp-page\" data-elementor-id=\"72\" class=\"elementor elementor-72\">\n\t\t\t\t<div class=\"elementor-element elementor-element-7914b8f e-flex e-con-boxed e-con e-parent\" data-id=\"7914b8f\" data-element_type=\"container\">\n\t\t\t\t\t<div class=\"e-con-inner\">\n\t\t\t\t<div class=\"elementor-element elementor-element-11139e7 elementor-widget elementor-widget-heading\" data-id=\"11139e7\" data-element_type=\"widget\" data-widget_type=\"heading.default\">\n\t\t\t\t\t<h2 class=\"elementor-heading-title elementor-size-default\">_______<\/h2>\t\t\t\t<\/div>\n\t\t\t\t\t<\/div>\n\t\t\t\t<\/div>\n\t\t<div class=\"elementor-element elementor-element-2af84f4 e-flex e-con-boxed e-con e-parent\" data-id=\"2af84f4\" data-element_type=\"container\">\n\t\t\t\t\t<div class=\"e-con-inner\">\n\t\t\t\t<div class=\"elementor-element elementor-element-cdcb18f elementor-widget elementor-widget-heading\" data-id=\"cdcb18f\" data-element_type=\"widget\" data-widget_type=\"heading.default\">\n\t\t\t\t\t<h1 class=\"elementor-heading-title elementor-size-default\">Drewno kominkowe<\/h1>\t\t\t\t<\/div>\n\t\t\t\t\t<\/div>\n\t\t\t\t<\/div>\n\t\t<div class=\"elementor-element elementor-element-a69c459 e-flex e-con-boxed e-con e-parent\" data-id=\"a69c459\" data-element_type=\"container\">\n\t\t\t\t\t<div class=\"e-con-inner\">\n\t\t\t\t<div class=\"elementor-element elementor-element-33fcc26 elementor-widget elementor-widget-image\" data-id=\"33fcc26\" data-element_type=\"widget\" data-widget_type=\"image.default\">\n\t\t\t\t\t\t\t\t\t\t\t\t\t\t\t<img fetchpriority=\"high\" decoding=\"async\" width=\"740\" height=\"554\" src=\"https:\/\/smartcarbon.pl\/wp-content\/uploads\/2025\/07\/tekstura-cementu_1194-6499.jpg\" class=\"attachment-large size-large wp-image-25\" alt=\"\" srcset=\"https:\/\/smartcarbon.pl\/wp-content\/uploads\/2025\/07\/tekstura-cementu_1194-6499.jpg 740w, https:\/\/smartcarbon.pl\/wp-content\/uploads\/2025\/07\/tekstura-cementu_1194-6499-300x225.jpg 300w\" sizes=\"(max-width: 740px) 100vw, 740px\" \/>\t\t\t\t\t\t\t\t\t\t\t\t\t\t\t<\/div>\n\t\t\t\t<div class=\"elementor-element elementor-element-3910d4f elementor-align-center elementor-widget elementor-widget-button\" data-id=\"3910d4f\" data-element_type=\"widget\" data-widget_type=\"button.default\">\n\t\t\t\t\t\t\t\t\t\t<a class=\"elementor-button elementor-button-link elementor-size-sm\" href=\"#\">\n\t\t\t\t\t\t<span class=\"elementor-button-content-wrapper\">\n\t\t\t\t\t\t<span class=\"elementor-button-icon\">\n\t\t\t\t<svg aria-hidden=\"true\" class=\"e-font-icon-svg e-far-arrow-alt-circle-right\" viewBox=\"0 0 512 512\" xmlns=\"http:\/\/www.w3.org\/2000\/svg\"><path d=\"M504 256C504 119 393 8 256 8S8 119 8 256s111 248 248 248 248-111 248-248zm-448 0c0-110.5 89.5-200 200-200s200 89.5 200 200-89.5 200-200 200S56 366.5 56 256zm72 20v-40c0-6.6 5.4-12 12-12h116v-67c0-10.7 12.9-16 20.5-8.5l99 99c4.7 4.7 4.7 12.3 0 17l-99 99c-7.6 7.6-20.5 2.2-20.5-8.5v-67H140c-6.6 0-12-5.4-12-12z\"><\/path><\/svg>\t\t\t<\/span>\n\t\t\t\t\t\t\t\t\t<span class=\"elementor-button-text\">Zobacz ofert\u0119<\/span>\n\t\t\t\t\t<\/span>\n\t\t\t\t\t<\/a>\n\t\t\t\t\t\t\t\t<\/div>\n\t\t\t\t<div class=\"elementor-element elementor-element-6d03e98 elementor-widget elementor-widget-text-editor\" data-id=\"6d03e98\" data-element_type=\"widget\" data-widget_type=\"text-editor.default\">\n\t\t\t\t\t\t\t\t\t<p>Nic tak nie przenosi w bieszczadzki klimat, jak kominek wype\u0142niony przyjemnym ciep\u0142em. I ten widok pal\u0105cego si\u0119 w \u015brodku drewna\u2026\u00a0<\/p><p>Mi\u0142o by\u0142o, ale si\u0119 sko\u0144czy\u0142o? No to wpadaj na\u00a0<b>sk\u0142ad w\u0119gla Eco-carbon w Ole\u015bnicy<\/b>\u00a0po\u00a0<b>drewno kominkowe<\/b>!\u00a0<\/p><p>Drewno jest zdecydowanie najstarszym rodzajem odnawialnego \u017ar\u00f3d\u0142a energii. Mimo to wcale nie traci na atrakcyjno\u015bci, wr\u0119cz przeciwnie \u2014 nawet je\u015bli nie ka\u017cdy pali w piecu drewnem, to z roku na rok wci\u0105\u017c przybywa w\u0142a\u015bcicieli komink\u00f3w, kt\u00f3rzy ch\u0119tnie si\u0119gaj\u0105 w\u0142a\u015bnie po ten rodzaj opa\u0142u. Dla wielu z nich kominek stanowi element dekoracyjny, cz\u0119\u015b\u0107 traktuje go jako spos\u00f3b na dogrzanie pomieszczenia, albo wybiera takie palenisko z obu powod\u00f3w. Je\u015bli tak\u017ce jeste\u015b szcz\u0119\u015bliwym posiadaczem kominka, musisz pami\u0119ta\u0107, \u017ce drewno, kt\u00f3re chcesz u\u017cy\u0107 do spalania, musi by\u0107 specjalnie wyselekcjonowanie. Taki opa\u0142 nie bez powodu nosi miano kominkowego, poniewa\u017c pod t\u0105 nazw\u0105 rozumiemy wy\u0142\u0105cznie drewno z gatunk\u00f3w drzew li\u015bciastych, np. buk, d\u0105b i grab.\u00a0<b>Drewno kominkowe\u00a0<\/b>najlepiej sprawdzi si\u0119 jako opa\u0142 w domowym palenisku, poniewa\u017c generuje mniej sadzy i zanieczyszcze\u0144. Ponadto jest ono d\u0142ugo i szczelnie przechowywane, aby pozby\u0107 si\u0119 z niego wilgoci. Dzi\u0119ki temu\u00a0<b>drewno kominkowe<\/b>\u00a0lepiej si\u0119 pali, zapewniaj\u0105c wi\u0119cej ciep\u0142a, a tak\u017ce mniej si\u0119 dymi podczas spalania.\u00a0<\/p><p><b>Drewno kominkowe w Ole\u015bnicy,<\/b>\u00a0na\u00a0<b>sk\u0142adzie w\u0119gla Eco-carbon<\/b>, jest sprzedawane w formie szczap i klock\u00f3w. Zapraszamy!<\/p>\t\t\t\t\t\t\t\t<\/div>\n\t\t\t\t\t<\/div>\n\t\t\t\t<\/div>\n\t\t\t\t<\/div>\n\t\t","protected":false},"excerpt":{"rendered":"<p>_______ Drewno kominkowe Zobacz ofert\u0119 Nic tak nie przenosi w bieszczadzki klimat, jak kominek wype\u0142niony przyjemnym ciep\u0142em. I ten widok pal\u0105cego si\u0119 w \u015brodku drewna\u2026\u00a0 Mi\u0142o by\u0142o, ale si\u0119 sko\u0144czy\u0142o? No to wpadaj na\u00a0sk\u0142ad w\u0119gla Eco-carbon w Ole\u015bnicy\u00a0po\u00a0drewno kominkowe!\u00a0 Drewno jest zdecydowanie najstarszym rodzajem odnawialnego \u017ar\u00f3d\u0142a energii. Mimo to wcale nie traci na atrakcyjno\u015bci, wr\u0119cz [&hellip;]<\/p>\n","protected":false},"author":1,"featured_media":0,"parent":0,"menu_order":0,"comment_status":"closed","ping_status":"closed","template":"elementor_header_footer","meta":{"footnotes":""},"class_list":["post-72","page","type-page","status-publish","hentry"],"_links":{"self":[{"href":"https:\/\/smartcarbon.pl\/index.php\/wp-json\/wp\/v2\/pages\/72","targetHints":{"allow":["GET"]}}],"collection":[{"href":"https:\/\/smartcarbon.pl\/index.php\/wp-json\/wp\/v2\/pages"}],"about":[{"href":"https:\/\/smartcarbon.pl\/index.php\/wp-json\/wp\/v2\/types\/page"}],"author":[{"embeddable":true,"href":"https:\/\/smartcarbon.pl\/index.php\/wp-json\/wp\/v2\/users\/1"}],"replies":[{"embeddable":true,"href":"https:\/\/smartcarbon.pl\/index.php\/wp-json\/wp\/v2\/comments?post=72"}],"version-history":[{"count":9,"href":"https:\/\/smartcarbon.pl\/index.php\/wp-json\/wp\/v2\/pages\/72\/revisions"}],"predecessor-version":[{"id":221,"href":"https:\/\/smartcarbon.pl\/index.php\/wp-json\/wp\/v2\/pages\/72\/revisions\/221"}],"wp:attachment":[{"href":"https:\/\/smartcarbon.pl\/index.php\/wp-json\/wp\/v2\/media?parent=72"}],"curies":[{"name":"wp","href":"https:\/\/api.w.org\/{rel}","templated":true}]}}